{"id":1403,"date":"2016-03-23T17:42:55","date_gmt":"2016-03-23T17:42:55","guid":{"rendered":"http:\/\/tirestickers.ca\/fr\/home\/"},"modified":"2020-03-03T07:20:09","modified_gmt":"2020-03-03T07:20:09","slug":"home","status":"publish","type":"page","link":"https:\/\/tirestickers.ca\/fr\/","title":{"rendered":"Accueil"},"content":{"rendered":"<p>[vc_row css=\u00a0\u00bb.vc_custom_1459204499591{background-color: transparent !important;}\u00a0\u00bb][vc_column css=\u00a0\u00bb.vc_custom_1459204439958{background-color: rgba(0,0,0,0.01) !important;*background-color: rgb(0,0,0) !important;}\u00a0\u00bb width=\u00a0\u00bb1\/1&Prime;][vc_column_text]Bienvenue chez <span style=\"color: #ff9900;\">TIRE STICKERS CANADA.<\/span> Notre s\u00e9lection de produits peut \u00eatre utilis\u00e9e \u00e0 des fins commerciales, personnelles, pour les bolides, les motos, les v\u00e9hicules tout terrain et les bicyclettes. Tire Stickers offre aux clients la possibilit\u00e9 de choisir une d\u00e9calcomanie de pneu personnalis\u00e9e pour une durabilit\u00e9e \u00e0 court terme ou permanente et qui convient au style unique de vos v\u00e9hicules.<\/p>\n<p>Nous offrons deux types de produits:<\/p>\n<p>(1)&nbsp; <span style=\"color: #ff9900;\">Court terme: Ensemble de lettrage \u00e0 d\u00e9tacher et coller<\/span>&#8211; Parfait pour les weekends sur la piste, les salons de l\u2019automobile, les s\u00e9ances photo, les \u00e9quipes de course, les bull runs et tous les autres \u00e9v\u00e8nements que vous voulez repr\u00e9senter. Application facile et rapide avec une durabilit\u00e9e test\u00e9e pour r\u00e9sister jusqu\u2019\u00e0 1 600 km dans des conditions routi\u00e8res extr\u00eames.<\/p>\n<p>(2)&nbsp; <span style=\"color: #ff9900;\">Ensemble de lettrage permanent<\/span>&#8211; Ces auto-collants sont faites de caoutchouc industriel (1\/16\u201d d\u2019\u00e9paisseur) et peuvent \u00eatre personnalis\u00e9es pour correspondre au style de votre v\u00e9hicule. Notre colle brevet\u00e9e garantit que vos logos tiendront pour toute la dur\u00e9e de vie de vos pneus (approximativement 95 000 km). Chaque ensemble inclut vos d\u00e9calcomanies personnalis\u00e9es, notre colle brevet\u00e9e ainsi que des instructions pour appliquer et enlever votre logo si vous voulez \u00e9ventuellement le changer.<\/p>\n<p>De plus, <span style=\"color: #ff9900;\">TIRE STICKERS CANADA<\/span> offre des produits pour les entrep\u00f4ts de pneus permettant de retrouver et d\u2019identifier vos pneus pour une gestion d\u2019inventaire facile. Ces solutions incluent des codes-barres, des matrices de donn\u00e9es, des codes QR et d\u2019autres technologies de tracking\/s\u00e9curit\u00e9 des pneus.[\/vc_column_text][vc_row_inner][vc_column_inner width=\u00a0\u00bb1\/3&Prime;]<br \/>\n[\/vc_column_inner][vc_column_inner width=\u00a0\u00bb1\/3&Prime; css=\u00a0\u00bb.vc_custom_1459978056247{margin-left: 10% !important;}\u00a0\u00bb][vc_button title=\u00a0\u00bbACHETEZ MAINTENANT\u00a0\u00bb target=\u00a0\u00bb_self\u00a0\u00bb color=\u00a0\u00bbbtn-warning\u00a0\u00bb icon=\u00a0\u00bbnone\u00a0\u00bb size=\u00a0\u00bbbtn-large\u00a0\u00bb href=\u00a0\u00bb\/shop\u00a0\u00bb]<\/p>\n<p>[\/vc_column_inner][vc_column_inner width=\u00a0\u00bb1\/3&Prime;]<br \/>\n[\/vc_column_inner][\/vc_row_inner]<\/p>\n<p>[vc_column_text]<\/p>\n<h1 style=\"text-align: center;\"><strong><span style=\"color: #ffffff;\">GUIDE DE S\u00c9LECTION DES PRODUITS<\/span><\/strong><\/h1>\n<table class=\"CSSTableGenerator\">\n<tbody>\n<tr>\n<td>&nbsp;<\/td>\n<td><span style=\"color: #ff9900;\"><a style=\"color: #ff9900;\" href=\"https:\/\/www.tirestickers.ca\/fr\/consommateur\/\">CONSOMMATEUR<\/a><\/span><br \/>\n<span style=\"color: #00ff00;\">COURT-TERME<\/span><br \/>\nEnsemble de lettrage pour pneus<\/td>\n<td><span style=\"color: #ff9900;\"><a style=\"color: #ff9900;\" href=\"https:\/\/www.tirestickers.ca\/fr\/consommateur\/\">CONS<\/a>OMMATEUR<\/span><br \/>\n<span style=\"color: #00ff00;\">PERMANENT<\/span><br \/>\nEnsemble de lettrage en caoutchouc \u00e0 relief<\/td>\n<td><span style=\"color: #ff9900;\"><a style=\"color: #ff9900;\" href=\"https:\/\/www.tirestickers.ca\/fr\/consommateur\/\">MOTORSPORTS<\/a><\/span><br \/>\n<span style=\"color: #00ff00;\">D\u00c9TACHER&nbsp;ET COLLER<\/span><br \/>\nTrackside<\/td>\n<td><span style=\"color: #ff9900;\"><a style=\"color: #ff9900;\" href=\"https:\/\/www.tirestickers.ca\/fr\/consommateur\/\">MOTORSPORTS<\/a><\/span><br \/>\n<span style=\"color: #00ff00;\">PRESSION THERMIQUE<\/span><br \/>\nStyle \u00abhot patch\u00bb<\/td>\n<\/tr>\n<tr>\n<td><img decoding=\"async\" src=\"https:\/\/www.tirestickers.com\/wp-content\/uploads\/2014\/11\/Tire-Stickers-Circle-PNG-150x150.png\" alt=\"\"><\/td>\n<td><img loading=\"lazy\" decoding=\"async\" class=\"alignnone wp-image-6479 size-full\" src=\"https:\/\/www.tirestickers.com\/wp-content\/uploads\/2014\/11\/370z-tire-lettering.jpg\" alt=\"370z tire lettering\" width=\"296\" height=\"140\"><\/td>\n<td><img loading=\"lazy\" decoding=\"async\" class=\"alignnone wp-image-6478 size-full\" src=\"https:\/\/www.tirestickers.com\/wp-content\/uploads\/2014\/11\/red-and-white-lamborghini-with-tire-stickers.jpg\" alt=\"red and white Lamborghini with tire stickers\" width=\"296\" height=\"140\"><\/td>\n<td><img loading=\"lazy\" decoding=\"async\" class=\"alignnone wp-image-6476 size-full\" src=\"https:\/\/www.tirestickers.com\/wp-content\/uploads\/2014\/11\/dunlop-tire-stickers-close-up.jpg\" alt=\"dunlop tire stickers close up\" width=\"296\" height=\"140\"><\/td>\n<td><img loading=\"lazy\" decoding=\"async\" class=\"alignnone wp-image-6477 size-full\" src=\"https:\/\/www.tirestickers.com\/wp-content\/uploads\/2014\/11\/falken-tire-sticker-close-up.jpg\" alt=\"falken tire sticker close up\" width=\"296\" height=\"140\"><\/td>\n<\/tr>\n<tr>\n<td><strong>Couleurs<\/strong><\/td>\n<td>12+ disponible<\/td>\n<td>Blanc, jaune, rouge, vert fluo<\/td>\n<td>Multiples \u2013 Illimit\u00e9<\/td>\n<td>Multiples \u2013 Illimit\u00e9<\/td>\n<\/tr>\n<tr>\n<td><strong>Design<\/strong><\/td>\n<td>Enti\u00e8rement personnalisable<\/td>\n<td>Enti\u00e8rement personnalisable<\/td>\n<td>Enti\u00e8rement personnalisable<\/td>\n<td>Enti\u00e8rement personnalisable<\/td>\n<\/tr>\n<tr>\n<td><strong>Durabilit\u00e9<\/strong><\/td>\n<td>~250-1,600 km<br \/>\n(courses &amp; salons de l\u2019automobile)<\/td>\n<td>\u00c0 vie \u2013 Nettoyable<\/td>\n<td>1-2 jours de piste<\/td>\n<td>\u00c0 vie<\/td>\n<\/tr>\n<tr>\n<td><strong>Processus d&rsquo;application&nbsp;<\/strong><\/td>\n<td>D\u00e9tacher et coller<\/td>\n<td>Kit d\u2019application<\/td>\n<td>D\u00e9tacher et coller<\/td>\n<td>Pression thermique<\/td>\n<\/tr>\n<tr>\n<td><strong>Temps d&rsquo;application&nbsp;<\/strong><\/td>\n<td>~60 secondes chaque<\/td>\n<td>~1 heure pour l\u2019ensemble au complet<\/td>\n<td>~30 secondes chaque.<\/td>\n<td>~15 secondes<\/td>\n<\/tr>\n<tr>\n<td><strong>Prix par ensemble<\/strong><\/td>\n<td>$24.99 &#8211; $39.99<\/td>\n<td>$59.99 &#8211; $109.99<\/td>\n<td><span style=\"color: #ff9900;\"><a style=\"color: #ff9900;\" href=\"https:\/\/www.tirestickers.ca\/contact\/\">Demande de prix<\/a><\/span><\/td>\n<td><span style=\"color: #ff9900;\"><a style=\"color: #ff9900;\" href=\"https:\/\/www.tirestickers.ca\/contact\/\">Demande de prix<\/a><\/span><\/td>\n<\/tr>\n<\/tbody>\n<\/table>\n<p>[\/vc_column_text][\/vc_column][\/vc_row][vc_row][vc_column width=\u00a0\u00bb1\/1&Prime;][vc_empty_space height=\u00a0\u00bb32px\u00a0\u00bb][vc_custom_heading text=\u00a0\u00bbNos partenaires et clients:\u00a0\u00bb font_container=\u00a0\u00bbtag:h2|text_align:left\u00a0\u00bb google_fonts=\u00a0\u00bbfont_family:Lato%3A100%2C100italic%2C300%2C300italic%2Cregular%2Citalic%2C700%2C700italic%2C900%2C900italic|font_style:400%20regular%3A400%3Anormal\u00a0\u00bb][vc_images_carousel images=\u00a0\u00bb1285,1286,1287,1280,1282,1279,1278,1288,1289,1284,1276,1283,1277,1281&Prime; onclick=\u00a0\u00bblink_no\u00a0\u00bb custom_links_target=\u00a0\u00bb_self\u00a0\u00bb mode=\u00a0\u00bbhorizontal\u00a0\u00bb speed=\u00a0\u00bb900&Prime; slides_per_view=\u00a0\u00bb5&Prime; autoplay=\u00a0\u00bbyes\u00a0\u00bb hide_pagination_control=\u00a0\u00bbyes\u00a0\u00bb hide_prev_next_buttons=\u00a0\u00bbyes\u00a0\u00bb partial_view=\u00a0\u00bbyes\u00a0\u00bb img_size=\u00a0\u00bb1200&#215;300&Prime; wrap=\u00a0\u00bbyes\u00a0\u00bb el_class=\u00a0\u00bbslide continue\u00a0\u00bb][\/vc_column][\/vc_row]<\/p>\n","protected":false},"excerpt":{"rendered":"<p>[vc_row css=\u00a0\u00bb.vc_custom_1459204499591{background-color: transparent !important;}\u00a0\u00bb][vc_column css=\u00a0\u00bb.vc_custom_1459204439958{background-color: rgba(0,0,0,0.01) !important;*background-color: rgb(0,0,0) !important;}\u00a0\u00bb width=\u00a0\u00bb1\/1&Prime;][vc_column_text]Bienvenue chez TIRE STICKERS CANADA. Notre s\u00e9lection de produits peut \u00eatre utilis\u00e9e \u00e0 des fins commerciales, personnelles, pour les bolides, les <a class=\"more-link\" href=\"https:\/\/tirestickers.ca\/fr\/\">Continue Reading<span class=\"screen-reader-text\">Accueil<\/span><span class=\"meta-nav\">\u2192<\/span><\/a><\/p>\n","protected":false},"author":1,"featured_media":0,"parent":0,"menu_order":0,"comment_status":"closed","ping_status":"closed","template":"page-fullwidth.php","meta":{"footnotes":""},"class_list":["post-1403","page","type-page","status-publish","hentry"],"_links":{"self":[{"href":"https:\/\/tirestickers.ca\/fr\/wp-json\/wp\/v2\/pages\/1403","targetHints":{"allow":["GET"]}}],"collection":[{"href":"https:\/\/tirestickers.ca\/fr\/wp-json\/wp\/v2\/pages"}],"about":[{"href":"https:\/\/tirestickers.ca\/fr\/wp-json\/wp\/v2\/types\/page"}],"author":[{"embeddable":true,"href":"https:\/\/tirestickers.ca\/fr\/wp-json\/wp\/v2\/users\/1"}],"replies":[{"embeddable":true,"href":"https:\/\/tirestickers.ca\/fr\/wp-json\/wp\/v2\/comments?post=1403"}],"version-history":[{"count":14,"href":"https:\/\/tirestickers.ca\/fr\/wp-json\/wp\/v2\/pages\/1403\/revisions"}],"predecessor-version":[{"id":13140,"href":"https:\/\/tirestickers.ca\/fr\/wp-json\/wp\/v2\/pages\/1403\/revisions\/13140"}],"wp:attachment":[{"href":"https:\/\/tirestickers.ca\/fr\/wp-json\/wp\/v2\/media?parent=1403"}],"curies":[{"name":"wp","href":"https:\/\/api.w.org\/{rel}","templated":true}]}}