{"id":1408,"date":"2016-03-23T17:23:08","date_gmt":"2016-03-23T17:23:08","guid":{"rendered":"http:\/\/tirestickers.ca\/fr\/faq\/"},"modified":"2026-04-07T14:34:43","modified_gmt":"2026-04-07T14:34:43","slug":"faq","status":"publish","type":"page","link":"https:\/\/tirestickers.ca\/fr\/faq\/","title":{"rendered":"FAQ"},"content":{"rendered":"<p>[vc_row][vc_column width=\u00a0\u00bb1\/1&Prime;][vc_column_text]<\/p>\n<h2>FOIRE AUX QUESTIONS<\/h2>\n<p><center>Table des mati\u00e8res \u2013 Cliquez sur une question pour en voir la r\u00e9ponse.<\/center><br \/>\n<span style=\"color: #ff9900;\"><a style=\"color: #ff9900;\" href=\"http:\/\/www.tirestickers.ca\/fr\/faq\/#question1\">Quel produit devrai-je choisir entre court-terme et permanent?<\/a>\u00a0<\/span><br \/>\n<span style=\"color: #ff9900;\"><a style=\"color: #ff9900;\" href=\"http:\/\/www.tirestickers.ca\/fr\/faq\/#question2\">Combien de d\u00e9calcomanies y a-t-il par ensemble?\u00a0<\/a><\/span><br \/>\n<span style=\"color: #ff9900;\"><a style=\"color: #ff9900;\" href=\"http:\/\/www.tirestickers.ca\/fr\/faq\/#question3\">Qu\u2019est-ce qui est inclus dans chaque commande?<\/a><\/span><br \/>\n<span style=\"color: #ff9900;\"><a style=\"color: #ff9900;\" href=\"http:\/\/www.tirestickers.ca\/fr\/faq\/#question4\">Les produits Tire Stickers sont-ils vendus en lettrage individuel ou en ensemble de d\u00e9calcomanies?<\/a><\/span><br \/>\n<span style=\"color: #ff9900;\"><a style=\"color: #ff9900;\" href=\"http:\/\/www.tirestickers.ca\/fr\/faq\/#question5\">Je ne suis pas s\u00fbr(e) de la taille de lettrage appropri\u00e9e pour mon pneu. Comment choisir la bonne grandeur pour mon ensemble de lettrage?<\/a><\/span><br \/>\n<span style=\"color: #ff9900;\"><a style=\"color: #ff9900;\" href=\"http:\/\/www.tirestickers.ca\/fr\/faq\/#question6\">Tire Stickers peut-il produire des ensembles pour pneus \u00e0 flancs blancs ou de couleur?<\/a><\/span><br \/>\n<span style=\"color: #ff9900;\"><a style=\"color: #ff9900;\" href=\"http:\/\/www.tirestickers.ca\/fr\/faq\/#question7\">Pouvez-vous personnaliser la police d\u2019\u00e9criture de mon ensemble de lettrage?<\/a><\/span><br \/>\n<span style=\"color: #ff9900;\"><a style=\"color: #ff9900;\" href=\"http:\/\/www.tirestickers.ca\/fr\/faq\/#question8\">Pouvez-vous cr\u00e9er des logos ou des designs personnalis\u00e9s pour mon ensemble de lettrage pour pneus?<\/a><\/span><br \/>\n<span style=\"color: #ff9900;\"><a style=\"color: #ff9900;\" href=\"http:\/\/www.tirestickers.ca\/fr\/faq\/#question9\">Dans quelles couleurs les produits Tire Stickers sont-ils disponibles?<\/a><\/span><br \/>\n<span style=\"color: #ff9900;\"><a style=\"color: #ff9900;\" href=\"http:\/\/www.tirestickers.ca\/fr\/faq\/#question10\">Je ne vois pas ma marque de pneu dans votre boutique\u00a0en ligne. Comment puis-je commander?<\/a><\/span><br \/>\n<span style=\"color: #ff9900;\"><a style=\"color: #ff9900;\" href=\"http:\/\/www.tirestickers.ca\/fr\/faq\/#question11\">Quelles sont les options d\u2019exp\u00e9dition disponibles?<\/a><\/span><br \/>\n<span style=\"color: #ff9900;\"><a style=\"color: #ff9900;\" href=\"http:\/\/www.tirestickers.ca\/fr\/faq\/#question12\">Comment puis-je acc\u00e9l\u00e9rer ma commande?<\/a><\/span><br \/>\n<span style=\"color: #ff9900;\"><a style=\"color: #ff9900;\" href=\"http:\/\/www.tirestickers.ca\/fr\/faq\/#question13\">Est-ce que Tire Stickers exp\u00e9die \u00e0 l\u2019international?<\/a><\/span><br \/>\n<span style=\"color: #ff9900;\"><a style=\"color: #ff9900;\" href=\"http:\/\/www.tirestickers.ca\/fr\/faq\/#question14\">Mon ensemble de lettrage permanent en caoutchouc \u00e0 relief incluait une bouteille de colle qui n\u2019\u00e9tait pas pleine. Est-ce assez de colle pour ma commande?<\/a><\/span><br \/>\n<span style=\"color: #ff9900;\"><a style=\"color: #ff9900;\" href=\"http:\/\/www.tirestickers.ca\/fr\/faq\/#question15\">J\u2019ai de la difficult\u00e9 \u00e0 faire coller l\u2019ensemble de lettrage. Que se passe-t-il?\u00a0<\/a><\/span><br \/>\n<span style=\"color: #ff9900;\"><a style=\"color: #ff9900;\" href=\"http:\/\/www.tirestickers.ca\/fr\/faq\/#question16\">Ai-je besoin de poncer le c\u00f4t\u00e9 lat\u00e9ral du pneu avant l\u2019application?<\/a><\/span><br \/>\n<span style=\"color: #ff9900;\"><a style=\"color: #ff9900;\" href=\"http:\/\/www.tirestickers.ca\/fr\/faq\/#question17\">Est-ce que la roue doit \u00eatre r\u00e9\u00e9quilibr\u00e9e apr\u00e8s l\u2019installation du lettrage?<\/a><\/span><br \/>\n<span style=\"color: #ff9900;\"><a style=\"color: #ff9900;\" href=\"http:\/\/www.tirestickers.ca\/fr\/faq\/#question18\">Comment puis-je nettoyer mon ensemble de lettrage?<\/a><\/span><br \/>\n<span style=\"color: #ff9900;\"><a style=\"color: #ff9900;\" href=\"http:\/\/www.tirestickers.ca\/fr\/faq\/#question19\">Les produits Tire Stickers partiront-ils au lave-auto ou au lavage sous pression?<\/a><\/span><br \/>\n<span style=\"color: #ff9900;\"><a style=\"color: #ff9900;\" href=\"http:\/\/www.tirestickers.ca\/fr\/faq\/#question20\">J\u2019ai perdu un lettrage en heurtant une bordure de trottoir. Pouvez-vous le remplacer?<\/a><\/span><br \/>\n<span style=\"color: #ff9900;\"><a style=\"color: #ff9900;\" href=\"http:\/\/www.tirestickers.ca\/fr\/faq\/#question21\">Comment puis-je devenir un distributeur et quelles sont les r\u00e9ductions disponibles?<\/a><\/span><br \/>\n<span style=\"color: #ff9900;\"><a style=\"color: #ff9900;\" href=\"http:\/\/www.tirestickers.ca\/fr\/faq\/#question22\">Comment puis-je \u00eatre sponsoris\u00e9?<\/a><\/span><\/p>\n<h3>QUESTIONS CONCERNANT LA COMMANDE<\/h3>\n<p><a name=\"question1\"><\/a><br \/>\n<span style=\"color: #ff9900;\">Quel produit devrai-je choisir entre court-terme et permanent?<\/span><\/p>\n<p>Notre produit court terme Peler &amp; Coller est con\u00e7u pour les salons de l\u2019automobile, les s\u00e9ances photo et les courses (sprint, drag, endurance, etc.). L\u2019application est rapide et facile et il est jetable apr\u00e8s quelques centaines de kilom\u00e8tres de conduite.<\/p>\n<p>Notre ensemble de lettrage permanent en caoutchouc est con\u00e7u pour une conduite quotidienne et une durabilit\u00e9 \u00e0 long terme. Ces d\u00e9calcomanies sont con\u00e7ues pour tenir pour toute la dur\u00e9e de vie de vos pneus et elles sont enti\u00e8rement nettoyables!<\/p>\n<p><a name=\"question2\"><\/a><br \/>\n<span style=\"color: #ff9900;\">Combien de d\u00e9calcomanies y a-t-il par ensemble?\u00a0<\/span><\/p>\n<p>Les d\u00e9calcomanies Tire Stickers sont vendus en ensembles complets pour toute la voiture. Il y a un maximum de 12 caract\u00e8res pour chaque groupe de mots demand\u00e9. Si vous avez besoin de plus de 12 caract\u00e8re, vous devrez donc commander un ensemble additionnel.<\/p>\n<p>Chaque ensemble de lettrage de pneus est vendu en paquet de 4 ou de 8, con\u00e7u pour les quatre pneus de votre v\u00e9hicule. Si vous s\u00e9lectionnez un ensemble de 4 d\u00e9calcomanies, vous recevrez un groupe de caract\u00e8res \u00e0 couvrir sur le c\u00f4t\u00e9 de chaque pneu, sur le haut ou le bas. Si vous en commandez 8, vous en aurez assez pour le haut et le bas de chaque pneu. Par exemple, si vous commandez un ensemble de lettrage \u00abFALKEN\u00bb de 4 unit\u00e9s, vous en aurez pour un c\u00f4t\u00e9 de chaque pneu, alors qu\u2019un ensemble de 8 unit\u00e9s vous permettrait de placer le mot \u00abFALKEN\u00bb sur le haut et le bas de chaque pneu.<\/p>\n<p>Si vous souhaitez commander un ensemble en grande quantit\u00e9, changez simplement la quantit\u00e9 voulue \u00e0 l\u2019aide des fl\u00e8ches situ\u00e9es \u00e0 c\u00f4t\u00e9 du bouton Ajouter au panier.<\/p>\n<p><a name=\"question3\"><\/a><br \/>\n<span style=\"color: #ff9900;\">Qu\u2019est-ce qui est inclus dans chaque commande?<\/span><\/p>\n<p>Chaque ensemble de lettrage pour pneus inclut le produit Tire Stickers, les instructions pour appliquer et enlever les d\u00e9calcomanies, ainsi que notre adh\u00e9sif d\u2019application unique (pour l\u2019ensemble de lettrage permanent en caoutchouc seulement).<\/p>\n<p><a name=\"question4\"><\/a><br \/>\n<span style=\"color: #ff9900;\">Les produits Tire Stickers sont-ils vendus en lettrage individuel ou en ensemble de d\u00e9calcomanies?<\/span><\/p>\n<p>Nous ne vendons pas de lettrage \u00abemporte-pi\u00e8ce\u00bb qui prend des heures \u00e0 appliquer et qui risque d\u2019\u00eatre incorrectement espac\u00e9 et orient\u00e9! Nos ensembles de lettrage pour pneus sont incurv\u00e9s pour s\u2019adapter parfaitement au pneu tel que command\u00e9 et sont des d\u00e9calcomanies continues sur un film de transfert pour une application rapide et facile. Aucun risque d\u2019avoir de l\u2019adh\u00e9sif sur vos doigts ou d\u2019avoir des probl\u00e8mes pour placer convenablement les d\u00e9calcomanies!<\/p>\n<p><a name=\"question5\"><\/a><br \/>\n<span style=\"color: #ff9900;\">Je ne suis pas s\u00fbr(e) de la taille de lettrage appropri\u00e9e pour mon pneu. Comment choisir la bonne grandeur pour mon ensemble de lettrage?<\/span><\/p>\n<p>Un des plus grands risques d\u2019endommager votre produit Tire Stickers est de commander un ensemble trop grand pour la surface lat\u00e9rale de votre pneu. Le pneu a une bille de roulement et une bille int\u00e9rieure qui d\u00e9finit la surface lat\u00e9rale de votre pneu, ce qui constitue la \u00abzone de s\u00e9curit\u00e9\u00bb pour l\u2019application de votre ensemble de lettrage.<\/p>\n<p>Les pneus des motos sportives et des motos hors route ont une taille standard, ne vous inqui\u00e9tez donc pas pour la s\u00e9lection de la taille du lettrage!<\/p>\n<p>Il y a deux m\u00e9thodes pour d\u00e9terminer la bonne mesure pour votre pneu :<\/p>\n<ol>\n<li>Mesurer la surface lat\u00e9rale avec une r\u00e8gle \u2013 Assurez-vous de mesurer la surface lat\u00e9rale, et NON la surface totale de la bande de roulement \u00e0 la roue! Si vous avez un doute quelconque, envoyez-nous une photo!<\/li>\n<li>Les Instructions de classement de pneus par taille \u2013 Utilisez la charte de classement g\u00e9n\u00e9rique ci-dessous pour vous guider dans votre d\u00e9cision. Identifiez le ratio d\u2019aspect ou la s\u00e9rie (g\u00e9n\u00e9ralement le num\u00e9ro du milieu de la sp\u00e9cification du pneu) et faites-le correspondre \u00e0 la charte. Note : certains pneus peuvent avoir un ratio d\u2019aspect unique qui ne correspond pas aux valeurs de la charte. En cas de doute, \u00e9crivez-nous!<\/li>\n<\/ol>\n<p><span style=\"text-decoration: underline;\"><span style=\"color: #ff9900; text-decoration: underline;\">Sp\u00e9cifications du pneu \u00a0 \u00a0 \u00a0 \u00a0 \u00a0Taille de lettrage recommand\u00e9e (maximum)<\/span><\/span><br \/>\n20 \u00a0 \u00a0 \u00a0 \u00a0 \u00a0 \u00a0 \u00a0 \u00a0 \u00a0 \u00a0 \u00a0 \u00a0 \u00a0 \u00a0 \u00a0 \u00a0 \u00a0 \u00a0 \u00a0 \u00a0 \u00a0 \u00a0 \u00a0 \u00a0 \u00a0 0.5&Prime;<br \/>\n25 \u00a0 \u00a0 \u00a0 \u00a0 \u00a0 \u00a0 \u00a0 \u00a0 \u00a0 \u00a0 \u00a0 \u00a0 \u00a0 \u00a0 \u00a0 \u00a0 \u00a0 \u00a0 \u00a0 \u00a0 \u00a0 \u00a0 \u00a0 \u00a0 \u00a0 0.75&Prime;<br \/>\n30 \u00a0 \u00a0 \u00a0 \u00a0 \u00a0 \u00a0 \u00a0 \u00a0 \u00a0 \u00a0 \u00a0 \u00a0 \u00a0 \u00a0 \u00a0 \u00a0 \u00a0 \u00a0 \u00a0 \u00a0 \u00a0 \u00a0 \u00a0 \u00a0 \u00a0 1.0&Prime;<br \/>\n35 \u00a0 \u00a0 \u00a0 \u00a0 \u00a0 \u00a0 \u00a0 \u00a0 \u00a0 \u00a0 \u00a0 \u00a0 \u00a0 \u00a0 \u00a0 \u00a0 \u00a0 \u00a0 \u00a0 \u00a0 \u00a0 \u00a0 \u00a0 \u00a0 \u00a0 1.25&Prime;<br \/>\n40 \u00a0 \u00a0 \u00a0 \u00a0 \u00a0 \u00a0 \u00a0 \u00a0 \u00a0 \u00a0 \u00a0 \u00a0 \u00a0 \u00a0 \u00a0 \u00a0 \u00a0 \u00a0 \u00a0 \u00a0 \u00a0 \u00a0 \u00a0 \u00a0 \u00a0 1.25&Prime;<br \/>\n45 \u00a0 \u00a0 \u00a0 \u00a0 \u00a0 \u00a0 \u00a0 \u00a0 \u00a0 \u00a0 \u00a0 \u00a0 \u00a0 \u00a0 \u00a0 \u00a0 \u00a0 \u00a0 \u00a0 \u00a0 \u00a0 \u00a0 \u00a0 \u00a0 \u00a0 1.5&Prime;<br \/>\n50 \u00a0 \u00a0 \u00a0 \u00a0 \u00a0 \u00a0 \u00a0 \u00a0 \u00a0 \u00a0 \u00a0 \u00a0 \u00a0 \u00a0 \u00a0 \u00a0 \u00a0 \u00a0 \u00a0 \u00a0 \u00a0 \u00a0 \u00a0 \u00a0 \u00a0 1.75&Prime;<br \/>\n55 \u00a0 \u00a0 \u00a0 \u00a0 \u00a0 \u00a0 \u00a0 \u00a0 \u00a0 \u00a0 \u00a0 \u00a0 \u00a0 \u00a0 \u00a0 \u00a0 \u00a0 \u00a0 \u00a0 \u00a0 \u00a0 \u00a0 \u00a0 \u00a0 \u00a0 2.0&Prime;<\/p>\n<p><span style=\"color: #ff9900;\">Exemple:<\/span><br \/>\nDimensions du pneu : 245\/<span style=\"color: #ff9900;\"><strong>45<\/strong><\/span>\/R17 \u00a0 \u00a0Taille recommand\u00e9e : <span style=\"color: #ff9900;\">1.5&Prime;<\/span><\/p>\n<p>En cas de doute, il est plus s\u00fbr d\u2019utiliser la m\u00eame taille que celle indiqu\u00e9e par le fabricant du pneu. Une mesure plus grande risquerait d\u2019endommager la tenue de route ou les conditions de route standards.<\/p>\n<p><a name=\"question6\"><\/a><br \/>\n<span style=\"color: #ff9900;\">Tire Stickers peut-il produire des ensembles pour pneus \u00e0 flancs blancs ou de couleur?<\/span><\/p>\n<p>Des ensembles de flancs blancs, de lignes pointill\u00e9es, de signaux lumineux et autres sont disponibles chez Tire Stickers. Visitez notre\u00a0<a href=\"http:\/\/www.tirestickers.ca\/fr\/boutique\/\"><span style=\"color: #ff9900;\">boutique<\/span>\u00a0<\/a>pour commander!<\/p>\n<p>Note : Ces ensembles ajoutent du poids au pneu, ce qui pourrait impliquer de devoir r\u00e9\u00e9quilibrer la roue.<\/p>\n<p><a name=\"question7\"><\/a><br \/>\n<span style=\"color: #ff9900;\">Pouvez-vous personnaliser la police d\u2019\u00e9criture de mon ensemble de lettrage?<\/span><\/p>\n<p>Les produits Tire Stickers sont disponibles dans n\u2019importe quelle police d\u2019\u00e9criture virtuelle! Nos ensembles de lettrage pour pneus sont offerts dans des polices standards dans la section\u00a0<span style=\"color: #ff9900;\"><a style=\"color: #ff9900;\" href=\"https:\/\/tirestickers.ca\/fr\/product\/creez-votre-propre-logo\/\">Cr\u00e9ez votre propre logo<\/a><\/span>, mais vous pouvez aussi fournir votre propre police si elle ne figure pas d\u00e9j\u00e0 dans la liste. Pour ce faire, s\u00e9lectionnez \u00abpolice non disponible\u00bb et ajoutez votre demande dans les notes de commande.<\/p>\n<p><a name=\"question8\"><\/a><br \/>\n<span style=\"color: #ff9900;\">Pouvez-vous cr\u00e9er des logos ou des designs personnalis\u00e9s pour mon ensemble de lettrage pour pneus?<\/span><\/p>\n<p>Il n\u2019y a pas de limitations au niveau du design chez Tire Stickers, que vous recherchiez un lettrage blanc en relief, un style de panneau d\u2019affichage, des flancs blancs, des logos personnalis\u00e9s, des marques, des \u00abhashtags\u00bb ou un pseudonyme de r\u00e9seaux sociaux.<\/p>\n<p>Pour t\u00e9l\u00e9verser votre propre design, cliquez <span style=\"color: #ff9900;\"><a style=\"color: #ff9900;\" href=\"https:\/\/tirestickers.ca\/fr\/product\/televerser-un-logo\/\">ici<\/a>.<\/span><\/p>\n<p><a name=\"question9\"><\/a><br \/>\n<span style=\"color: #ff9900;\">Dans quelles couleurs les produits Tire Stickers sont-ils disponibles?<\/span><\/p>\n<p>Les produits Tire Stickers sont disponibles dans une vari\u00e9t\u00e9 de couleurs pour chaque type de produits.<\/p>\n<p>Les ensembles de lettrage pour pneus de type court-terme incluent les couleurs suivantes : blanc, phosphorescent, bleu, rouge, vert, orange, jaune, jaune fluo, vert fluo, orange fluo et rose fluo.<\/p>\n<p>Les ensembles de lettrage pour pneus de type permanent en caoutchouc sont disponibles dans le blanc, le rouge, le jaune et le vert fluo.<\/p>\n<p>Nous offrons \u00e9galement des designs personnalis\u00e9s multicolores qui s\u2019agencent aux couleurs PMS personnalis\u00e9es pour les commandes en grande quantit\u00e9.<\/p>\n<p><a name=\"question10\"><\/a><br \/>\n<span style=\"color: #ff9900;\">Je ne vois pas ma marque de pneu dans votre boutique\u00a0en ligne. Comment puis-je commander?<\/span><\/p>\n<p>Si vous ne voyez pas votre marque dans la\u00a0<span style=\"color: #ff9900;\"><a style=\"color: #ff9900;\" href=\"http:\/\/www.tirestickers.ca\/fr\/boutique\/\">Boutique<\/a><\/span>, vous pouvez effectuer une commande dans la section <span style=\"color: #ff9900;\"><a style=\"color: #ff9900;\" href=\"https:\/\/tirestickers.ca\/fr\/product\/creez-votre-propre-logo\/\">Cr\u00e9ez votre propre logo<\/a><\/span>! Assurez-vous de demander la police d\u2019\u00e9criture d\u00e9sir\u00e9e en s\u00e9lectionnant l\u2019option \u00abpolice non disponible\u00bb et ajoutez votre demande dans les notes de commande.<\/p>\n<h3>QUESTIONS CONCERNANT L\u2019EXP\u00c9DITION<\/h3>\n<p><span style=\"color: #ff9900;\"><a style=\"color: #ff9900;\" name=\"question11\"><\/a>Quelles sont les options d\u2019exp\u00e9dition disponibles?<\/span><\/p>\n<p>Nous offrons plusieurs options de transport incluant les options standard et acc\u00e9l\u00e9r\u00e9 d\u2019USPS et d\u2019UPS. Ces options n\u2019incluent pas toutes un suivi ou une livraison garantie du colis, et dans le cas d\u2019un colis perdu, Tire Stickers ne peut le remplacer sans charge. Cependant, si vous s\u00e9lectionnez l\u2019option d\u2019exp\u00e9dition garantie et que votre colis est perdu, Tire Stickers vous enverra imm\u00e9diatement un autre ensemble de lettrage sans frais!<\/p>\n<p><a name=\"question12\"><\/a><br \/>\n<span style=\"color: #ff9900;\">Comment puis-je acc\u00e9l\u00e9rer ma commande?<\/span><\/p>\n<p>Vous avez un salon de l\u2019automobile ce weekend et vous avez besoin de votre ensemble de lettrage imm\u00e9diatement? Une option de production dans un d\u00e9lai de 24 heures est disponible pour un co\u00fbt additionnel. Cette option d\u00e9placera votre commande au d\u00e9but de la liste. Assurez-vous \u00e9galement de s\u00e9lectionner l\u2019option d\u2019exp\u00e9dition acc\u00e9l\u00e9r\u00e9e!<\/p>\n<p><a name=\"question13\"><\/a><br \/>\n<span style=\"color: #ff9900;\">Est-ce que Tire Stickers exp\u00e9die \u00e0 l\u2019international?<\/span><\/p>\n<p>Nous sommes la seule compagnie de lettrage de pneus mondiale! Avec des distributeurs de Tire Stickers dans plus de douze pays, nous offrons un service \u00e0 la client\u00e8le rapide et une livraison \u00e0 n\u2019importe quel endroit.<\/p>\n<h3>QUESTIONS CONCERNANT L\u2019APPLICATION<\/h3>\n<p><a name=\"question14\"><\/a><br \/>\n<span style=\"color: #ff9900;\">Mon ensemble de lettrage permanent en caoutchouc \u00e0 relief incluait une bouteille de colle qui n\u2019\u00e9tait pas pleine. Est-ce assez de colle pour ma commande?<\/span><\/p>\n<p>L\u2019adh\u00e9sif sp\u00e9cial de l\u2019ensemble de lettrage pour pneus devrait \u00eatre utilis\u00e9 avec mod\u00e9ration afin d\u2019\u00e9viter qu\u2019il coule apr\u00e8s l\u2019application sur le c\u00f4t\u00e9 lat\u00e9ral. La bouteille de colle n\u2019est pas compl\u00e8tement remplie de fa\u00e7on intentionnelle et contient plus de colle que n\u00e9cessaire pour appliquer les d\u00e9calcomanies sur vos pneus. Si vous avez besoin de plus de colle \u00e0 cause d\u2019un probl\u00e8me d\u2019application ou d\u2019un dommage d\u00fb \u00e0 la conduite, vous pourrez en trouver dans notre\u00a0<span style=\"color: #ff9900;\"><a style=\"color: #ff9900;\" href=\"http:\/\/www.tirestickers.ca\/fr\/boutique\/\">Boutique<\/a>.<\/span><\/p>\n<p>Cet adh\u00e9sif n\u2019est pas de la super glue standard et ne devrait pas \u00eatre substitu\u00e9!<\/p>\n<p><a name=\"question15\"><\/a><br \/>\n<span style=\"color: #ff9900;\">J\u2019ai de la difficult\u00e9 \u00e0 faire coller l\u2019ensemble de lettrage. Que se passe-t-il?\u00a0<\/span><\/p>\n<p>L\u2019\u00e9tape la plus importante est la pr\u00e9paration du pneu. Vous croyez peut-\u00eatre que votre pneu est propre, mais l\u2019huile et la salet\u00e9 sont difficiles \u00e0 enlever et m\u00eame les pneus neufs ont besoin d\u2019\u00eatre soigneusement nettoy\u00e9s! Un nettoyage convenable assurera une adhesion r\u00e9ussie.<\/p>\n<p>Les clients qui utilisent un lettrage avec relief ou des nervures sur les pneus peuvent aussi faire face \u00e0 certains probl\u00e8mes. Ces types de lettrage n\u00e9cessitent l\u2019utilisation d\u2019une carte de cr\u00e9dit ou d\u2019un objet similaire pour appliquer une pression dans les r\u00e9gions qui sont trop \u00e9troites pour permettre une pression avec les doigts. Sans surface de contact, la d\u00e9calcomanie ne peut pas coller!<\/p>\n<p>Si vous \u00e9prouvez toujours des difficult\u00e9s avec l\u2019application, contactez sales@xv-ms.com pour plus d\u2019instructions.<\/p>\n<p><a name=\"question16\"><\/a><br \/>\n<span style=\"color: #ff9900;\">Ai-je besoin de poncer le c\u00f4t\u00e9 lat\u00e9ral du pneu avant l\u2019application?<\/span><\/p>\n<p>Notre produit adh\u00e9rera peu importe la surface du c\u00f4t\u00e9 lat\u00e9ral du pneu incluant les variations de relief. L\u2019ensemble de lettrage pour pneus de type court terme se conformera parfaitement \u00e0 la surface lat\u00e9rale et l\u2019ensemble de type permanent en caoutchouc recouvrera la surface.<\/p>\n<p><a name=\"question17\"><\/a><br \/>\n<span style=\"color: #ff9900;\">Est-ce que la roue doit \u00eatre r\u00e9\u00e9quilibr\u00e9e apr\u00e8s l\u2019installation du lettrage?<\/span><\/p>\n<p>Notre solution court-terme est faite d\u2019une encre fine qui n\u2019ajoute essentiellement pas de poids et qui est parfaitement ajust\u00e9e \u00e0 la surface lat\u00e9rale du pneu. Nos ensembles de lettrage en caoutchouc ont seulement 0,5mm d\u2019\u00e9paisseur et n\u2019ajouteront qu\u2019un poids n\u00e9gligeable au pneu.<\/p>\n<p>Si vous achetez un ensemble permanent en caoutchouc de type signal lumineux ou flanc blanc, vous devrez peut-\u00eatre consid\u00e9rer le fait de r\u00e9\u00e9quilibrer la roue puisque cela ajoute plus de poids.<\/p>\n<h3>QUESTIONS CONCERNANT LE NETTOYAGE, L\u2019ENL\u00c8VEMENT ET LE REMPLACEMENT<\/h3>\n<p><a name=\"question18\"><\/a><br \/>\n<span style=\"color: #ff9900;\">Comment puis-je nettoyer mon ensemble de lettrage?<\/span><\/p>\n<p>Le produit court terme n\u2019es pas con\u00e7u pour \u00eatre nettoy\u00e9 lorsqu\u2019il commence \u00e0 \u00eatre d\u00e9color\u00e9. Par contre, il est possible de le nettoyer une fois en utilisant de l\u2019ac\u00e9tone et un chiffon pour frotter l\u00e9g\u00e8rement le lettrage. Cela n\u2019ajoutera seulement que 80 km de plus environ.<\/p>\n<p>Les ensembles permanents en caoutchouc sont con\u00e7us pour \u00eatre nettoy\u00e9s apr\u00e8s la d\u00e9coloration due \u00e0 la pluie, le cirage des pneus, la neige, la salet\u00e9, etc. Ce nettoyage peut \u00eatre effectu\u00e9 en utilisant un agent nettoyant pour flancs blancs, un produit pour dissoudre la salet\u00e9 et l\u2019huile ou encore de l\u2019ac\u00e9tone\/alcool \u00e0 friction.<\/p>\n<p><a name=\"question19\"><\/a><br \/>\n<span style=\"color: #ff9900;\">Les produits Tire Stickers partiront-ils au lave-auto ou au lavage sous pression?<\/span><\/p>\n<p>Les ensembles court terme et permanent r\u00e9sistent tous deux au lavage standard et au lavage sous pression!<\/p>\n<p><a name=\"question20\"><\/a><br \/>\n<span style=\"color: #ff9900;\">J\u2019ai perdu un lettrage en heurtant une bordure de trottoir. Pouvez-vous le remplacer?<\/span><\/p>\n<p>Les accidents arrivent; par cons\u00e9quent, nous offrons un lettrage de remplacement gratuit en cas de lettrage manquant. Vous devrez seulement couvrir les frais de transport. La colle constitue un co\u00fbt additionnel et peut \u00eatre achet\u00e9e dans notre\u00a0<span style=\"color: #ff9900;\"><a style=\"color: #ff9900;\" href=\"http:\/\/www.tirestickers.ca\/fr\/boutique\/\">Boutique<\/a>.<\/span><\/p>\n<h3>QUESTIONS G\u00c9N\u00c9RALES<\/h3>\n<p><a name=\"question21\"><\/a><br \/>\n<span style=\"color: #ff9900;\">Comment puis-je devenir un distributeur et quelles r\u00e9ductions sont disponibles?<\/span><\/p>\n<p>Nous sommes toujours \u00e0 la recherche de nouveaux partenaires pour notre r\u00e9seau de distribution global! Nous offrons plusieurs paquets aux distributeurs incluant des ensembles de lettrage pour pneus avec des lettrages individuels, des designs de marques pr\u00e9-courb\u00e9s, et une combinaison des deux.<\/p>\n<p>Les distributeurs se verront offrir une r\u00e9duction de 35% \u00e0 50% du prix de d\u00e9tail et il est facile de d\u00e9marrer. Vous pouvez aussi \u00e9tablir un compte de cr\u00e9dit et acheter tout ce dont vous avez besoin sans commande minimale requise!<\/p>\n<p>Pour plus d\u2019informations, visitez notre page concernant les\u00a0<span style=\"color: #ff9900;\"><a style=\"color: #ff9900;\" href=\"https:\/\/tirestickers.ca\/fr\/vente-en-gros\/\" target=\"_blank\" rel=\"noopener\">distributeurs officiels de produits Tire Stickers<\/a><\/span>.<\/p>\n<p><a name=\"question22\"><\/a><br \/>\n<span style=\"color: #ff9900;\">Comment puis-je \u00eatre sponsoris\u00e9?<\/span><\/p>\n<p>Tire Stickers offre du sponsoring au moyen du Brand Advocate Program. Pour en faire partie, faites-nous parvenir un e-mail \u00e0 l\u2019adresse\u00a0<span style=\"color: #00ff00;\"><a style=\"color: #00ff00;\" href=\"mailto:sales@xv-ms.com\">sales@xv-ms.com<\/a><\/span>\u00a0avec votre biographie incluant les d\u00e9tails des \u00e9v\u00e9nements auxquels vous avez particip\u00e9, les clubs auxquels vous \u00eates associ\u00e9 et des photos de votre v\u00e9hicule.[\/vc_column_text][\/vc_column][\/vc_row]<\/p>\n","protected":false},"excerpt":{"rendered":"<p>[vc_row][vc_column width=\u00a0\u00bb1\/1&Prime;][vc_column_text] FOIRE AUX QUESTIONS Table des mati\u00e8res \u2013 Cliquez sur une question pour en voir la r\u00e9ponse. Quel produit devrai-je choisir entre court-terme et permanent?\u00a0 Combien de d\u00e9calcomanies y <a class=\"more-link\" href=\"https:\/\/tirestickers.ca\/fr\/faq\/\">Continue Reading<span class=\"screen-reader-text\">FAQ<\/span><span class=\"meta-nav\">\u2192<\/span><\/a><\/p>\n","protected":false},"author":1,"featured_media":0,"parent":0,"menu_order":0,"comment_status":"closed","ping_status":"closed","template":"","meta":{"footnotes":""},"class_list":["post-1408","page","type-page","status-publish","hentry"],"_links":{"self":[{"href":"https:\/\/tirestickers.ca\/fr\/wp-json\/wp\/v2\/pages\/1408","targetHints":{"allow":["GET"]}}],"collection":[{"href":"https:\/\/tirestickers.ca\/fr\/wp-json\/wp\/v2\/pages"}],"about":[{"href":"https:\/\/tirestickers.ca\/fr\/wp-json\/wp\/v2\/types\/page"}],"author":[{"embeddable":true,"href":"https:\/\/tirestickers.ca\/fr\/wp-json\/wp\/v2\/users\/1"}],"replies":[{"embeddable":true,"href":"https:\/\/tirestickers.ca\/fr\/wp-json\/wp\/v2\/comments?post=1408"}],"version-history":[{"count":10,"href":"https:\/\/tirestickers.ca\/fr\/wp-json\/wp\/v2\/pages\/1408\/revisions"}],"predecessor-version":[{"id":14935,"href":"https:\/\/tirestickers.ca\/fr\/wp-json\/wp\/v2\/pages\/1408\/revisions\/14935"}],"wp:attachment":[{"href":"https:\/\/tirestickers.ca\/fr\/wp-json\/wp\/v2\/media?parent=1408"}],"curies":[{"name":"wp","href":"https:\/\/api.w.org\/{rel}","templated":true}]}}