{"id":1420,"date":"2016-03-24T21:30:32","date_gmt":"2016-03-24T21:30:32","guid":{"rendered":"http:\/\/tirestickers.ca\/fr\/consumer\/"},"modified":"2016-04-18T07:37:29","modified_gmt":"2016-04-18T07:37:29","slug":"consommateur","status":"publish","type":"page","link":"https:\/\/tirestickers.ca\/fr\/consommateur\/","title":{"rendered":"VUE D\u2019ENSEMBLE"},"content":{"rendered":"<p>[vc_row][vc_column][vc_single_image image=\u00a0\u00bb81&Prime; border_color=\u00a0\u00bbgrey\u00a0\u00bb img_link_target=\u00a0\u00bb_self\u00a0\u00bb img_size=\u00a0\u00bb944X146&Prime;][vc_column_text]<span style=\"color: #ff9900;\">Court-terme: Ensemble de lettrage \u00e0 peler et coller\u00a0<\/span>\u2013 Parfait pour les weekends sur la piste, les salons de l\u2019automobile, les s\u00e9ances photo, les \u00e9quipes de course, les bull runs et tous les autres \u00e9v\u00e9nements que vous voulez repr\u00e9senter. Application facile et rapide avec une durabilit\u00e9 test\u00e9e pour r\u00e9sister jusqu\u2019\u00e0 1 600 km dans des conditions routi\u00e8res extr\u00eames.<\/p>\n<p><span style=\"color: #ff9900;\">Ensemble de lettrage permanent\u00a0<\/span>\u2013 Ces d\u00e9calcomanies sont faites de caoutchouc industriel (1\/16\u201d d\u2019\u00e9paisseur) et peuvent \u00eatre personnalis\u00e9es pour correspondre au style de votre v\u00e9hicule. Notre colle brevet\u00e9e garantit que vos logos tiendront pour toute la dur\u00e9e de vie de vos pneus (approximativement 95 000 km). Chaque ensemble inclut vos d\u00e9calcomanies personnalis\u00e9es, notre colle brevet\u00e9e ainsi que des instructions pour appliquer et enlever votre logo si vous voulez \u00e9ventuellement le changer.[\/vc_column_text][vc_custom_heading text=\u00a0\u00bbCHOISISEZ VOTRE TYPE\u00a0\u00bb font_container=\u00a0\u00bbtag:h2|text_align:center|color:%23ffffff\u00a0\u00bb google_fonts=\u00a0\u00bbfont_family:Dosis%3A200%2C300%2Cregular%2C500%2C600%2C700%2C800|font_style:800%20bold%20regular%3A800%3Anormal\u00a0\u00bb][\/vc_column][\/vc_row][vc_row][vc_column width=\u00a0\u00bb1\/2&Prime;][vc_column_text css=\u00a0\u00bb.vc_custom_1459978431547{background-color: rgba(0,0,0,0.88) !important;*background-color: rgb(0,0,0) !important;}\u00a0\u00bb]<\/p>\n<h2 style=\"text-align: center; padding-top: 15px;\"><span style=\"color: #ff9900;\">Court-terme \u2013 Peler et coller<\/span><\/h2>\n<p style=\"padding-left: 30px;\"><span style=\"text-decoration: underline; color: #ff9900;\"><b>Caract\u00e9ristiques du produit:<\/b><\/span><br \/>\n&#8211; Cliquez pour voir <a href=\"http:\/\/www.tirestickers.ca\/pns-app-guide\/\" target=\"_blank\">les instructions d\u2019installation<\/a><br \/>\n&#8211; Durabilit\u00e9 court\/moyen-terme (250-1600 km)<br \/>\n&#8211; Id\u00e9al pour les \u00e9v\u00e9nements sp\u00e9ciaux (salons de l\u2019automobile, courses, etc.)<br \/>\n&#8211; Application rapide et facile et technologie peler et coller pour enlever<br \/>\n&#8211; Convient \u00e0 toutes les tailles de pneus<br \/>\n&#8211; Ensemble incluant 4 ou 8 d\u00e9calcomanies<br \/>\n&#8211; Prix : 24,99$ \u00e0 39,99$ par ensemble selon la quantit\u00e9<br \/>\n&#8211; Regardez des photos de ces produits dans notre <span style=\"color: #ff9900;\"><a style=\"color: #ff9900;\" title=\"Media\" href=\"http:\/\/www.tirestickers.ca\/fr\/galerie\/\">Galerie<\/a><\/span><\/p>\n<p>[\/vc_column_text][\/vc_column][vc_column width=\u00a0\u00bb1\/2&Prime;][vc_column_text css=\u00a0\u00bb.vc_custom_1459981188530{background-color: rgba(0,0,0,0.87) !important;*background-color: rgb(0,0,0) !important;}\u00a0\u00bb]<\/p>\n<h2 style=\"text-align: center; padding-top: 15px;\"><span style=\"color: #ff9900;\">Permanent \u2013 Caoutchouc \u00e0 relief<\/span><\/h2>\n<p style=\"padding-left: 30px;\"><span style=\"text-decoration: underline; color: #ff9900;\"><b>Caract\u00e9ristiques du produit:<\/b><\/span><br \/>\n&#8211; Cliquez pour voir <a href=\"http:\/\/www.tirestickers.ca\/permanent-tire-stickers-application-guide\/\" target=\"_blank\">les instructions d\u2019installation<\/a><br \/>\n&#8211; Durabilit\u00e9 long-terme (\uf07e95 000+ km)<br \/>\n&#8211; Id\u00e9al pour la conduite quotidienne et les environnements rudes<br \/>\n&#8211; Application adh\u00e9sive incluse dans chaque ensemble<br \/>\n&#8211; Convient \u00e0 toutes les tailles de pneus<br \/>\n&#8211; Ensemble incluant 4 ou 8 d\u00e9calcomanies en plus de l\u2019adh\u00e9sif<br \/>\n&#8211; Convient aux voitures, motos, camions et m\u00eame plus!<br \/>\n&#8211; Prix : 59,99$ &#8211; 109,99$ par ensemble selon la quantit\u00e9 et la taille<br \/>\n&#8211; Regardez des photos de ces produits dans notre <span style=\"color: #ff9900;\"><a style=\"color: #ff9900;\" title=\"Media\" href=\"http:\/\/www.tirestickers.ca\/fr\/galerie\/\">Galerie<\/a><\/span>\n<\/p>\n<p>[\/vc_column_text][\/vc_column][\/vc_row][vc_row][vc_column width=\u00a0\u00bb1\/1&Prime;][vc_column_text css=\u00a0\u00bb.vc_custom_1459981230642{background-color: rgba(0,0,0,0.88) !important;*background-color: rgb(0,0,0) !important;}\u00a0\u00bb]<\/p>\n<h2 style=\"padding-left: 15px; padding-top: 15px;\"><strong>Marques de pneus certifi\u00e9es, logos et designs sur mesure <\/strong><\/h2>\n<p style=\"padding-left: 15px;\">Tire Stickers<sup>\u00ae<\/sup>\u00a0a d\u00e9velopp\u00e9 des liens solides avec presque tous les grands fabricants de pneus incluant Dunlop, Falken, Toyo, Continental, GoodYear, Michelin et plus encore. Suite \u00e0 ce partenariat, nous sommes fiers d\u2019\u00eatre associ\u00e9s \u00e0 ces marques et\u00a0<span style=\"color: #ff9900;\">offrons officiellement des designs de marques de pneus certifi\u00e9s<\/span>\u00a0seulement disponibles chez Tire Stickers<sup>\u00ae<\/sup> ! Vous ne trouvez pas votre marque dans notre Magasin? Commandez-la dans notre section Cr\u00e9ez votre propre logo!<\/p>\n<p style=\"padding-left: 15px;\">En plus des marques certifi\u00e9es, Tire Stickers offre des logos et des designs cr\u00e9atifs incluant des fus\u00e9es de signalisation, des flancs blancs, votre design personnalis\u00e9 et bien plus!<br \/>\nNous ajoutons continuellement de nouveaux logos, designs et marques.\n<\/p>\n<p>[\/vc_column_text][vc_row_inner][vc_column_inner width=\u00a0\u00bb1\/3&Prime;][\/vc_column_inner][vc_column_inner width=\u00a0\u00bb1\/3&Prime; css=\u00a0\u00bb.vc_custom_1459981288781{margin-left: 10% !important;}\u00a0\u00bb][vc_button title=\u00a0\u00bbACHETEZ MAINTENANT\u00a0\u00bb target=\u00a0\u00bb_self\u00a0\u00bb color=\u00a0\u00bbbtn-warning\u00a0\u00bb icon=\u00a0\u00bbnone\u00a0\u00bb size=\u00a0\u00bbbtn-large\u00a0\u00bb href=\u00a0\u00bb\/fr\/boutique\u00a0\u00bb][\/vc_column_inner][vc_column_inner width=\u00a0\u00bb1\/3&Prime;][\/vc_column_inner][\/vc_row_inner][\/vc_column][\/vc_row]<\/p>\n","protected":false},"excerpt":{"rendered":"<p>[vc_row][vc_column][vc_single_image image=\u00a0\u00bb81&Prime; border_color=\u00a0\u00bbgrey\u00a0\u00bb img_link_target=\u00a0\u00bb_self\u00a0\u00bb img_size=\u00a0\u00bb944X146&Prime;][vc_column_text]Court-terme: Ensemble de lettrage \u00e0 peler et coller\u00a0\u2013 Parfait pour les weekends sur la piste, les salons de l\u2019automobile, les s\u00e9ances photo, les \u00e9quipes de course, <a class=\"more-link\" href=\"https:\/\/tirestickers.ca\/fr\/consommateur\/\">Continue Reading<span class=\"screen-reader-text\">VUE D\u2019ENSEMBLE<\/span><span class=\"meta-nav\">\u2192<\/span><\/a><\/p>\n","protected":false},"author":1,"featured_media":0,"parent":0,"menu_order":0,"comment_status":"closed","ping_status":"closed","template":"","meta":{"footnotes":""},"class_list":["post-1420","page","type-page","status-publish","hentry"],"_links":{"self":[{"href":"https:\/\/tirestickers.ca\/fr\/wp-json\/wp\/v2\/pages\/1420","targetHints":{"allow":["GET"]}}],"collection":[{"href":"https:\/\/tirestickers.ca\/fr\/wp-json\/wp\/v2\/pages"}],"about":[{"href":"https:\/\/tirestickers.ca\/fr\/wp-json\/wp\/v2\/types\/page"}],"author":[{"embeddable":true,"href":"https:\/\/tirestickers.ca\/fr\/wp-json\/wp\/v2\/users\/1"}],"replies":[{"embeddable":true,"href":"https:\/\/tirestickers.ca\/fr\/wp-json\/wp\/v2\/comments?post=1420"}],"version-history":[{"count":11,"href":"https:\/\/tirestickers.ca\/fr\/wp-json\/wp\/v2\/pages\/1420\/revisions"}],"predecessor-version":[{"id":1479,"href":"https:\/\/tirestickers.ca\/fr\/wp-json\/wp\/v2\/pages\/1420\/revisions\/1479"}],"wp:attachment":[{"href":"https:\/\/tirestickers.ca\/fr\/wp-json\/wp\/v2\/media?parent=1420"}],"curies":[{"name":"wp","href":"https:\/\/api.w.org\/{rel}","templated":true}]}}