{"id":1448,"date":"2016-03-23T17:23:31","date_gmt":"2016-03-23T17:23:31","guid":{"rendered":"http:\/\/tirestickers.ca\/fr\/contact\/"},"modified":"2016-04-20T21:48:17","modified_gmt":"2016-04-20T21:48:17","slug":"contact","status":"publish","type":"page","link":"https:\/\/tirestickers.ca\/fr\/contact\/","title":{"rendered":"Contact"},"content":{"rendered":"<p>[vc_row][vc_column width=\u00a0\u00bb1\/1&Prime;][vc_single_image image=\u00a0\u00bb219&Prime; border_color=\u00a0\u00bbgrey\u00a0\u00bb img_link_target=\u00a0\u00bb_self\u00a0\u00bb img_size=\u00a0\u00bb1191 \u00d7 385&Prime;][\/vc_column][\/vc_row][vc_row][vc_column width=\u00a0\u00bb1\/1&Prime;][vc_column_text]<\/p>\n<h1>QUI NOUS SOMMES<\/h1>\n<p>Depuis 2006, Tire Stickers est au service de la communaut\u00e9 automobile avec ses solutions de motifs\u00a0personnalis\u00e9es. Gr\u00e2ce \u00e0 sa collaboration avec les compagnies de pneus et les \u00e9quipes de sport motoris\u00e9, Tire Stickers a d\u00e9velopp\u00e9 des produits brevet\u00e9s qui ont r\u00e9volutionn\u00e9 la mani\u00e8re de repr\u00e9senter les marques dans l\u2019industrie automobile. Nos innovations ont apport\u00e9 un changement dans la fa\u00e7on de personnaliser\u00a0les pneus \u00e0 travers des designs multicolores de haute d\u00e9finition, une durabilit\u00e9 accrue et, ultimement, une application plus rentable et efficace qui repr\u00e9sente pleinement l\u2019identit\u00e9 de la marque.<\/p>\n<p>Sur la base de notre exp\u00e9rience et de nos relations dans le domaine des sports motoris\u00e9s, Tire Stickers a apport\u00e9 de l\u2019innovation au march\u00e9 de la consommation quotidien. Que votre besoin soit une application rapide pour des spectacles, des \u00e9v\u00e9nements sp\u00e9ciaux et des promotions (charit\u00e9, courses, etc.) ou une performance durable, Tire Stickers a ce qu\u2019il vous faut.<\/p>\n<h2>POLITIQUE DE REMBOURSEMENT<\/h2>\n<p>Nous rembourserons, remplacerons ou \u00e9mettrons un bon d\u2019achat pour votre produit en cas de d\u00e9faut de fabrication, de paquet perdu envoy\u00e9 via UPS, ou de mauvaise taille du design. Pour toutes les commandes de nos clients, un bon d\u2019achat sera \u00e9mis. Lors d\u2019une r\u00e9clamation pour un produit d\u00e9fectueux, celui-ci doit \u00eatre accompagn\u00e9 de photographies du produit d\u00e9montrant le d\u00e9faut, ou il doit \u00eatre retourn\u00e9 \u00e0 Tire Stickers. L\u2019acheteur est responsable de tous les frais de transport. La politique est en vigueur au cours des 30 jours suivant la date d\u2019achat.<\/p>\n<h2>NOTRE \u00c9NONC\u00c9 DE MISSION<\/h2>\n<p>Notre mission chez Tire Stickers est de r\u00e9pondre aux besoins de nos clients avec des produits de premi\u00e8re qualit\u00e9 et des designs novateurs qui offrent un aspect attrayant et unique. Cela signifie \u00eatre en t\u00eate de l\u2019industrie en termes de qualit\u00e9, de performance et de service \u00e0 la client\u00e8le. Nous aspirons \u00e0 d\u00e9velopper des relations durables avec nos clients, ce qui implique leur satisfaction \u00e0 chaque achat et une collaboration continue afin de r\u00e9pondre \u00e0 leurs exigences et d\u2019innover ensemble.<\/p>\n<h2>SERVICE \u00c0 LA CLIENT\u00c8LE<\/h2>\n<p>Nous tirons notre fiert\u00e9 dans le remarquable service \u00e0 la client\u00e8le que nous nous effor\u00e7ons d\u2019offrir \u00e0 chacun de nos clients. Si vous ne recevez pas de retour d\u2019informations au sujet d\u2019une demande dans un d\u00e9lai de 24 heures ouvrables, veuillez s\u2019il vous pla\u00eet nous contacter de nouveau, la requ\u00eate initiale n\u2019ayant possiblement pas \u00e9t\u00e9 re\u00e7ue. Toute plainte n\u00e9cessitera la soumission de photos afin de pouvoir r\u00e9soudre correctement le probl\u00e8me.<\/p>\n<p>champs requis\u00a0*<br \/>\n<span style=\"text-decoration: underline;\">\u00a0 \u00a0 \u00a0 \u00a0 \u00a0 \u00a0 \u00a0 \u00a0 \u00a0 \u00a0 \u00a0 \u00a0 \u00a0 \u00a0 \u00a0 \u00a0 \u00a0 \u00a0 \u00a0 \u00a0 \u00a0 \u00a0 \u00a0 \u00a0 \u00a0 \u00a0 \u00a0 \u00a0 \u00a0 \u00a0 \u00a0 \u00a0 \u00a0 \u00a0 \u00a0 \u00a0 \u00a0 \u00a0 \u00a0 \u00a0 \u00a0 \u00a0 \u00a0 \u00a0 \u00a0 \u00a0 \u00a0 \u00a0 \u00a0 \u00a0 \u00a0 \u00a0 \u00a0 \u00a0 \u00a0 \u00a0 \u00a0 \u00a0 \u00a0 \u00a0 \u00a0 \u00a0 \u00a0 \u00a0 \u00a0 \u00a0 \u00a0 \u00a0 \u00a0 \u00a0 \u00a0 \u00a0 \u00a0 \u00a0 \u00a0 \u00a0 \u00a0 \u00a0 \u00a0 \u00a0 \u00a0 \u00a0 \u00a0 \u00a0 \u00a0 \u00a0 \u00a0 \u00a0 \u00a0 \u00a0 \u00a0 \u00a0 \u00a0 \u00a0 \u00a0 \u00a0 \u00a0 \u00a0 \u00a0 \u00a0 \u00a0 \u00a0 \u00a0 \u00a0 \u00a0 \u00a0 \u00a0 \u00a0 \u00a0 \u00a0<\/span>[\/vc_column_text][\/vc_column][\/vc_row][vc_row][vc_column width=\u00a0\u00bb1\/2&Prime;][vc_column_text]<\/p>\n\n<div class=\"wpcf7 no-js\" id=\"wpcf7-f1458-o1\" lang=\"en-US\" dir=\"ltr\" data-wpcf7-id=\"1458\">\n<div class=\"screen-reader-response\"><p role=\"status\" aria-live=\"polite\" aria-atomic=\"true\"><\/p> <ul><\/ul><\/div>\n<form action=\"\/fr\/wp-json\/wp\/v2\/pages\/1448#wpcf7-f1458-o1\" method=\"post\" class=\"wpcf7-form init\" aria-label=\"Contact form\" novalidate=\"novalidate\" data-status=\"init\">\n<fieldset class=\"hidden-fields-container\"><input type=\"hidden\" name=\"_wpcf7\" value=\"1458\" \/><input type=\"hidden\" name=\"_wpcf7_version\" value=\"6.1.2\" \/><input type=\"hidden\" name=\"_wpcf7_locale\" value=\"en_US\" \/><input type=\"hidden\" name=\"_wpcf7_unit_tag\" value=\"wpcf7-f1458-o1\" \/><input type=\"hidden\" name=\"_wpcf7_container_post\" value=\"0\" \/><input type=\"hidden\" name=\"_wpcf7_posted_data_hash\" value=\"\" \/>\n<\/fieldset>\n<p>Votre Nom *\n<\/p>\n<p><span class=\"wpcf7-form-control-wrap\" data-name=\"your-name\"><input size=\"40\" maxlength=\"400\" class=\"wpcf7-form-control wpcf7-text wpcf7-validates-as-required\" aria-required=\"true\" aria-invalid=\"false\" value=\"\" type=\"text\" name=\"your-name\" \/><\/span>\n<\/p>\n<p>Votre Adresse Courriel *\n<\/p>\n<p><span class=\"wpcf7-form-control-wrap\" data-name=\"your-email\"><input size=\"40\" maxlength=\"400\" class=\"wpcf7-form-control wpcf7-email wpcf7-validates-as-required wpcf7-text wpcf7-validates-as-email\" aria-required=\"true\" aria-invalid=\"false\" value=\"\" type=\"email\" name=\"your-email\" \/><\/span>\n<\/p>\n<p>Num\u00e9ro de T\u00e9l\u00e9phone\n<\/p>\n<p><span class=\"wpcf7-form-control-wrap\" data-name=\"phone\"><input size=\"40\" maxlength=\"400\" class=\"wpcf7-form-control wpcf7-tel wpcf7-text wpcf7-validates-as-tel\" aria-invalid=\"false\" value=\"\" type=\"tel\" name=\"phone\" \/><\/span>\n<\/p>\n<p>Sujet\n<\/p>\n<p><span class=\"wpcf7-form-control-wrap\" data-name=\"Sujet\"><select class=\"wpcf7-form-control wpcf7-select\" aria-invalid=\"false\" name=\"Sujet\"><option value=\"Choisissez\">Choisissez<\/option><option value=\"Semi-permanent Peler et coller\">Semi-permanent Peler et coller<\/option><option value=\"Lettrage permanent en caoutchouc \u00e0 relief\">Lettrage permanent en caoutchouc \u00e0 relief<\/option><option value=\"Motorsport permanent \u00e0 pression thermique\">Motorsport permanent \u00e0 pression thermique<\/option><option value=\"Pression thermique\">Pression thermique<\/option><option value=\"Services d\u2019ing\u00e9nierie\">Services d\u2019ing\u00e9nierie<\/option><option value=\"Vente en gros\">Vente en gros<\/option><option value=\"Marque certifi\u00e9e\">Marque certifi\u00e9e<\/option><option value=\"Gestion et suivi d&#039;inventaire\">Gestion et suivi d&#039;inventaire<\/option><option value=\"Autre....\">Autre....<\/option><\/select><\/span>\n<\/p>\n<p>Votre Message\n<\/p>\n<p><span class=\"wpcf7-form-control-wrap\" data-name=\"your-message\"><textarea cols=\"40\" rows=\"10\" maxlength=\"2000\" class=\"wpcf7-form-control wpcf7-textarea\" aria-invalid=\"false\" name=\"your-message\"><\/textarea><\/span>\n<\/p>\n<p><input class=\"wpcf7-form-control wpcf7-submit has-spinner\" type=\"submit\" value=\"Soumettre\" \/>\n<\/p><div class=\"wpcf7-response-output\" aria-hidden=\"true\"><\/div>\n<\/form>\n<\/div>\n\n<p>[\/vc_column_text][\/vc_column][vc_column width=\u00a0\u00bb1\/2&Prime;][vc_column_text]<\/p>\n<h1 style=\"text-align: center;\">INFORMATIONS SUR LA COMPAGNIE<\/h1>\n<pre>Xtreme Vision Import \/ Importation Xtreme Vision\r\n7655 BLVD Henri Bourassa Est\r\nMontr\u00e9al, Qu\u00e9bec, Canada\r\nH1E-1N9\r\nTel: 514-494-9971\r\nFax: 514-494-9972\r\nNum\u00e9ro sans frais: 1-888-755-9255\r\nE-mail <span style=\"color: #00ff00;\"><a style=\"color: #00ff00;\" href=\"mailto:sales@xv-ms.com\">sales@xv-ms.com<\/a><\/span><\/pre>\n<h5><\/h5>\n<p>[\/vc_column_text][\/vc_column][\/vc_row]<\/p>\n","protected":false},"excerpt":{"rendered":"<p>[vc_row][vc_column width=\u00a0\u00bb1\/1&Prime;][vc_single_image image=\u00a0\u00bb219&Prime; border_color=\u00a0\u00bbgrey\u00a0\u00bb img_link_target=\u00a0\u00bb_self\u00a0\u00bb img_size=\u00a0\u00bb1191 \u00d7 385&Prime;][\/vc_column][\/vc_row][vc_row][vc_column width=\u00a0\u00bb1\/1&Prime;][vc_column_text] QUI NOUS SOMMES Depuis 2006, Tire Stickers est au service de la communaut\u00e9 automobile avec ses solutions de motifs\u00a0personnalis\u00e9es. Gr\u00e2ce \u00e0 <a class=\"more-link\" href=\"https:\/\/tirestickers.ca\/fr\/contact\/\">Continue Reading<span class=\"screen-reader-text\">Contact<\/span><span class=\"meta-nav\">\u2192<\/span><\/a><\/p>\n","protected":false},"author":1,"featured_media":0,"parent":0,"menu_order":0,"comment_status":"closed","ping_status":"closed","template":"","meta":{"footnotes":""},"class_list":["post-1448","page","type-page","status-publish","hentry"],"_links":{"self":[{"href":"https:\/\/tirestickers.ca\/fr\/wp-json\/wp\/v2\/pages\/1448","targetHints":{"allow":["GET"]}}],"collection":[{"href":"https:\/\/tirestickers.ca\/fr\/wp-json\/wp\/v2\/pages"}],"about":[{"href":"https:\/\/tirestickers.ca\/fr\/wp-json\/wp\/v2\/types\/page"}],"author":[{"embeddable":true,"href":"https:\/\/tirestickers.ca\/fr\/wp-json\/wp\/v2\/users\/1"}],"replies":[{"embeddable":true,"href":"https:\/\/tirestickers.ca\/fr\/wp-json\/wp\/v2\/comments?post=1448"}],"version-history":[{"count":6,"href":"https:\/\/tirestickers.ca\/fr\/wp-json\/wp\/v2\/pages\/1448\/revisions"}],"predecessor-version":[{"id":1736,"href":"https:\/\/tirestickers.ca\/fr\/wp-json\/wp\/v2\/pages\/1448\/revisions\/1736"}],"wp:attachment":[{"href":"https:\/\/tirestickers.ca\/fr\/wp-json\/wp\/v2\/media?parent=1448"}],"curies":[{"name":"wp","href":"https:\/\/api.w.org\/{rel}","templated":true}]}}