{"id":1465,"date":"2016-03-23T17:22:12","date_gmt":"2016-03-23T17:22:12","guid":{"rendered":"http:\/\/tirestickers.ca\/fr\/pre-lettered-tires\/"},"modified":"2016-04-20T21:57:31","modified_gmt":"2016-04-20T21:57:31","slug":"autres-produits","status":"publish","type":"page","link":"https:\/\/tirestickers.ca\/fr\/autres-produits\/","title":{"rendered":"AUTRES PRODUITS"},"content":{"rendered":"<p>[vc_row][vc_column width=\u00a0\u00bb1\/1&Prime;][vc_single_image image=\u00a0\u00bb154&Prime; border_color=\u00a0\u00bbgrey\u00a0\u00bb img_link_target=\u00a0\u00bb_self\u00a0\u00bb img_size=\u00a0\u00bb965 \u00d7 305&Prime;][vc_column_text]Que vous soyez un guerrier de fin de semaine ou un professionnel de la course automobile, nous avons la marque de pneu qu\u2019il vous faut. Test\u00e9s et prouv\u00e9s dans plusieurs grands circuits de course t\u00e9l\u00e9vis\u00e9s, ces produits permettent de distinguer facilement vos pneus parmi tous les autres.<\/p>\n<p>Ces designs de pneus personnalis\u00e9s peuvent \u00eatre appliqu\u00e9s \u00e0 tous les types de pneus pneumatiques et plusieurs autres surfaces de caoutchouc. Nos clients incluent : Dunlop, Yokohama, Continental, General Tire, Avon, Cooper, Toyo Tires, Nitto Tire, Falken Tire, et m\u00eame plus![\/vc_column_text][\/vc_column][\/vc_row][vc_row][vc_column width=\u00a0\u00bb1\/1&Prime;][vc_column_text]<\/p>\n<h1 style=\"text-align: center;\">PERFORMANCE D\u00c9TACHER\u00a0&amp; COLLER<\/h1>\n<p><span style=\"text-decoration: underline; color: #ff9900;\"><b>Caract\u00e9ristiques du produit :<\/b><\/span><\/p>\n<p>&#8211; Id\u00e9al pour les \u00e9v\u00e9nements sp\u00e9ciaux (courses, salons de l\u2019automobile, promotions, etc.)<br \/>\n&#8211; Durabilit\u00e9 pr\u00e9vue pour les courses automobiles\/pistes<br \/>\n&#8211; Application facile utilisant la technologie d\u00e9tacher\u00a0et coller<br \/>\n&#8211; Plus de 12 couleurs solides et couleurs PMS assorties disponibles<br \/>\n&#8211; Convient \u00e0 toutes les tailles de pneus<br \/>\n&#8211; <span style=\"color: #00ff00;\"><a style=\"color: #00ff00;\" href=\"http:\/\/www.tirestickers.ca\/fr\/contact\/\">Contactez-nous<\/a><\/span>\u00a0pour une soumission<br \/>\n&#8211; Capacit\u00e9 de logo multicolore haute d\u00e9finition<br \/>\n&#8211; Regardez des photos de ce produit dans notre <span style=\"color: #ff9900;\"><a style=\"color: #ff9900;\" href=\"http:\/\/www.tirestickers.ca\/fr\/galerie\/\">Galer<\/a>ie<\/span>[\/vc_column_text][vc_empty_space height=\u00a0\u00bb52px\u00a0\u00bb][vc_column_text]<\/p>\n<h1 style=\"text-align: center;\">PRESSION THERMIQUE<\/h1>\n<p><span style=\"text-decoration: underline; color: #ff9900;\"><b>Caract\u00e9ristiques du produit :<\/b><\/span><\/p>\n<p>&#8211; Durabilit\u00e9 long-terme (cycle de vie du pneu)<br \/>\n&#8211; Con\u00e7u pour des \u00e9quipes de courses et des fabricants de pneus<br \/>\n&#8211; Design haute d\u00e9finition enti\u00e8rement personnalisable<br \/>\n&#8211; Appliqu\u00e9 avec un \u00e9quipement sp\u00e9cial \u2013 d\u00e9calcomanie de pneu \u00e0 pression thermique (voir plus bas)<br \/>\n&#8211; Convient \u00e0 toutes les tailles de pneus<br \/>\n&#8211; <span style=\"color: #00ff00;\"><a style=\"color: #00ff00;\" href=\"http:\/\/www.tirestickers.ca\/fr\/contact\/\">Contactez-nous<\/a><\/span>\u00a0pour une soumission<br \/>\n&#8211; Commande d\u2019une quantit\u00e9 minimale de 250 pcs.<br \/>\n&#8211; Regardez des photos de ce produit dans notre <span style=\"color: #ff9900;\"><a style=\"color: #ff9900;\" href=\"http:\/\/www.tirestickers.ca\/fr\/galerie\/\">Galer<\/a>ie<\/span>[\/vc_column_text][vc_empty_space height=\u00a0\u00bb52px\u00a0\u00bb][vc_column_text]<\/p>\n<h1><b>SERVICES D&rsquo;ING\u00c9NIERIE \/ RECHERCHE &amp; D\u00c9VELOPPEMENT<\/b><\/h1>\n<p>Vous avez une id\u00e9e sp\u00e9cifique ou des exigences uniques pour votre produit? Notre \u00e9quipe d\u2019ing\u00e9nierie exp\u00e9riment\u00e9e a d\u00e9velopp\u00e9 des solutions personnalis\u00e9es dans plusieurs industries pour r\u00e9sister aux conditions les plus exigeantes. Nous comprenons que tous nos projets ne sont pas tous pareils, et qu\u2019ils doivent par cons\u00e9quent \u00eatre abord\u00e9s diff\u00e9remment \u00e0 chaque fois.<\/p>\n<h4><span style=\"color: #ff9900;\">Nos industries incluent<\/span><\/h4>\n<p>&#8211;\u00a0<span style=\"color: #00ff00;\">Sports &amp; Fitness<\/span><br \/>\n&#8211; <span style=\"color: #00ff00;\">V\u00eatements<\/span><br \/>\n&#8211; <span style=\"color: #00ff00;\">Automobile\u00a0(excluant les pneus)<\/span><br \/>\n&#8211; <span style=\"color: #00ff00;\">Construction<\/span>[\/vc_column_text][vc_empty_space height=\u00a0\u00bb52px\u00a0\u00bb][vc_column_text]<\/p>\n<h1><b>GESTION D&rsquo;INVENTAIRE<\/b><\/h1>\n<p>Le suivi manuel de l\u2019inventaire peut \u00eatre un processus co\u00fbteux et qui demande beaucoup de temps dans chaque industrie. Il existe des alternatives au suivi des produits que\u00a0<span style=\"color: #ff9900;\"><b>Tire Stickers<sup>\u00ae<\/sup><\/b><\/span> peut vous aider \u00e0 d\u00e9velopper afin de r\u00e9pondre \u00e0 vos besoins sp\u00e9cifiques.<br \/>\nVoici des exemples :<\/p>\n<p>&#8211; <span style=\"color: #00ff00;\">Num\u00e9rotation s\u00e9quentielle<\/span><br \/>\n&#8211; <span style=\"color: #00ff00;\">Codification \u00e0 barres<\/span><br \/>\n&#8211; <span style=\"color: #00ff00;\">\u00c9tiquettes r\u00e9fl\u00e9chissantes<\/span><br \/>\n&#8211; <span style=\"color: #00ff00;\">Radio-identification<\/span>[\/vc_column_text][vc_empty_space height=\u00a0\u00bb52px\u00a0\u00bb][vc_column_text]<\/p>\n<h1><b>\u00c9QUIPEMENT D&rsquo;APPLICATION<\/b><\/h1>\n<p>De nombreux types de presses thermiques sont disponibles et con\u00e7us pour l\u2019application de nos logos permanents. Ces outils ont \u00e9t\u00e9 d\u00e9velopp\u00e9s pour rationaliser le processus d\u2019adh\u00e9rence de nos d\u00e9calcomanies commun\u00e9ment utilis\u00e9es dans l\u2019industrie automobile.[\/vc_column_text][\/vc_column][\/vc_row][vc_row][vc_column width=\u00a0\u00bb1\/3&Prime;]<br \/>\n[\/vc_column][vc_column width=\u00a0\u00bb1\/3&Prime; css=\u00a0\u00bb.vc_custom_1459981688699{margin-left: 25% !important;}\u00a0\u00bb][vc_button title=\u00a0\u00bbACHETEZ MAINTENANT\u00a0\u00bb target=\u00a0\u00bb_self\u00a0\u00bb color=\u00a0\u00bbbtn-warning\u00a0\u00bb icon=\u00a0\u00bbnone\u00a0\u00bb size=\u00a0\u00bbbtn-large\u00a0\u00bb href=\u00a0\u00bb\/fr\/boutique\u00a0\u00bb][\/vc_column][vc_column width=\u00a0\u00bb1\/3&Prime;]<br \/>\n[\/vc_column][\/vc_row]<\/p>\n","protected":false},"excerpt":{"rendered":"<p>[vc_row][vc_column width=\u00a0\u00bb1\/1&Prime;][vc_single_image image=\u00a0\u00bb154&Prime; border_color=\u00a0\u00bbgrey\u00a0\u00bb img_link_target=\u00a0\u00bb_self\u00a0\u00bb img_size=\u00a0\u00bb965 \u00d7 305&Prime;][vc_column_text]Que vous soyez un guerrier de fin de semaine ou un professionnel de la course automobile, nous avons la marque de pneu qu\u2019il <a class=\"more-link\" href=\"https:\/\/tirestickers.ca\/fr\/autres-produits\/\">Continue Reading<span class=\"screen-reader-text\">AUTRES PRODUITS<\/span><span class=\"meta-nav\">\u2192<\/span><\/a><\/p>\n","protected":false},"author":1,"featured_media":0,"parent":0,"menu_order":0,"comment_status":"closed","ping_status":"closed","template":"","meta":{"footnotes":""},"class_list":["post-1465","page","type-page","status-publish","hentry"],"_links":{"self":[{"href":"https:\/\/tirestickers.ca\/fr\/wp-json\/wp\/v2\/pages\/1465","targetHints":{"allow":["GET"]}}],"collection":[{"href":"https:\/\/tirestickers.ca\/fr\/wp-json\/wp\/v2\/pages"}],"about":[{"href":"https:\/\/tirestickers.ca\/fr\/wp-json\/wp\/v2\/types\/page"}],"author":[{"embeddable":true,"href":"https:\/\/tirestickers.ca\/fr\/wp-json\/wp\/v2\/users\/1"}],"replies":[{"embeddable":true,"href":"https:\/\/tirestickers.ca\/fr\/wp-json\/wp\/v2\/comments?post=1465"}],"version-history":[{"count":4,"href":"https:\/\/tirestickers.ca\/fr\/wp-json\/wp\/v2\/pages\/1465\/revisions"}],"predecessor-version":[{"id":1740,"href":"https:\/\/tirestickers.ca\/fr\/wp-json\/wp\/v2\/pages\/1465\/revisions\/1740"}],"wp:attachment":[{"href":"https:\/\/tirestickers.ca\/fr\/wp-json\/wp\/v2\/media?parent=1465"}],"curies":[{"name":"wp","href":"https:\/\/api.w.org\/{rel}","templated":true}]}}