{"id":1607,"date":"2016-03-28T01:42:19","date_gmt":"2016-03-28T01:42:19","guid":{"rendered":"http:\/\/tirestickers.ca\/product\/televerser-un-logo\/"},"modified":"2020-05-20T07:15:34","modified_gmt":"2020-05-20T07:15:34","slug":"televerser-un-logo","status":"publish","type":"product","link":"https:\/\/tirestickers.ca\/fr\/product\/televerser-un-logo\/","title":{"rendered":"T\u00e9l\u00e9verser un logo"},"content":{"rendered":"","protected":false},"excerpt":{"rendered":"<div class=\" product-addon product-addon-file-upload\">\n<h3 class=\"addon-name\">T\u00e9l\u00e9verser fichier<\/h3>\n<div class=\"addon-description\">T\u00e9l\u00e9verser ici Votre Logo en Haute d\u00e9finition\u00a0\u2013 Types de fichiers accept\u00e9s: .EPS, .AI, .PDF, .PSD, .DWG, .JPEG, .PNG, .GIF Votre Logo sera converti en format vecteur. Si vous avez d\u00e9jas votre logo en format vecteur, s&rsquo;il vous plait, faites nous le parvenir en fichier attach\u00e9 lors de votre commande. Tire Stickers LLC ne revendique aucun droit d&rsquo;affiliation avec toutes les marques inscrits ci-dessous.<\/div>\n<p class=\"form-row form-row-wide addon-wrap-6537-file-upload-1\">\n<\/div>\n<div class=\" product-addon product-addon-notes\"><\/div>\n<p> <a class=\"more-link\" href=\"https:\/\/tirestickers.ca\/fr\/product\/televerser-un-logo\/\">Continue Reading<span class=\"screen-reader-text\">T\u00e9l\u00e9verser un logo<\/span><span class=\"meta-nav\">\u2192<\/span><\/a><\/p>\n","protected":false},"featured_media":1167,"template":"","meta":[],"product_brand":[],"product_cat":[23],"product_tag":[],"class_list":{"0":"post-1607","1":"product","2":"type-product","3":"status-publish","4":"has-post-thumbnail","6":"product_cat-uncategorized-fr","8":"first","9":"instock","10":"sale","11":"taxable","12":"shipping-taxable","13":"purchasable","14":"product-type-variable"},"_links":{"self":[{"href":"https:\/\/tirestickers.ca\/fr\/wp-json\/wp\/v2\/product\/1607","targetHints":{"allow":["GET"]}}],"collection":[{"href":"https:\/\/tirestickers.ca\/fr\/wp-json\/wp\/v2\/product"}],"about":[{"href":"https:\/\/tirestickers.ca\/fr\/wp-json\/wp\/v2\/types\/product"}],"wp:featuredmedia":[{"embeddable":true,"href":"https:\/\/tirestickers.ca\/fr\/wp-json\/wp\/v2\/media\/1167"}],"wp:attachment":[{"href":"https:\/\/tirestickers.ca\/fr\/wp-json\/wp\/v2\/media?parent=1607"}],"wp:term":[{"taxonomy":"product_brand","embeddable":true,"href":"https:\/\/tirestickers.ca\/fr\/wp-json\/wp\/v2\/product_brand?post=1607"},{"taxonomy":"product_cat","embeddable":true,"href":"https:\/\/tirestickers.ca\/fr\/wp-json\/wp\/v2\/product_cat?post=1607"},{"taxonomy":"product_tag","embeddable":true,"href":"https:\/\/tirestickers.ca\/fr\/wp-json\/wp\/v2\/product_tag?post=1607"}],"curies":[{"name":"wp","href":"https:\/\/api.w.org\/{rel}","templated":true}]}}