{"id":6391,"date":"2018-05-16T21:23:40","date_gmt":"2018-05-16T21:23:40","guid":{"rendered":"http:\/\/tirestickers.ca\/product\/the-g2\/"},"modified":"2018-06-26T22:40:25","modified_gmt":"2018-06-26T22:40:25","slug":"the-g2","status":"publish","type":"product","link":"https:\/\/tirestickers.ca\/fr\/product\/the-g2\/","title":{"rendered":"Ensemble de syst\u00e8me de peinture \u00e0 \u00e9trier de frein G2"},"content":{"rendered":"<p>Facile \u00e0 appliquer au pinceau, la peinture ajoute une touche de style \u00e0 tout \u00e9trier de frein. Non seulement le syst\u00e8me G2 est attrayant, mais il offre une excellente protection chimique et physique \u00e0 l&rsquo;\u00e9trier. Les liquides de frein, la poussi\u00e8re, le sel de voirie, la salet\u00e9 et m\u00eame le gravier ne peuvent pas nuire \u00e0 la finition ultra-dure et ultra-brillante du syst\u00e8me de peinture d&rsquo;\u00e9trier BRAKE de G2. Le syst\u00e8me G2 BRAKE Caliper Paint System \u2122 pr\u00e9sente de nombreux avantages par rapport \u00e0 la peinture en a\u00e9rosol, car il ne s&rsquo;\u00e9caille pas et s\u00e8che beaucoup plus que tout autre produit. Notre kit de peinture est si attrayant et fiable que G2 offre une garantie de performance du produit de 100%.<\/p>\n<p><img loading=\"lazy\" decoding=\"async\" src=\"http:\/\/www.g2usa.com\/Merchant2\/images\/reactor-trans-web.jpg\" alt=\"G2 Brake Caliper Paint our two-part paint offers the highest heat resistance on the DIY aftermarket.\" width=\"150\" height=\"181\" align=\"left\" border=\"0\" \/>Chaque kit est fabriqu\u00e9 \u00e0 100% aux USA!<\/p>\n<p><img decoding=\"async\" src=\"http:\/\/www.g2usa.com\/Merchant2\/images\/paint-trans-web.jpg\" alt=\"Not only is the G2\ufffd system attractive, but it offers great chemical and physical protection to the caliper.\" width=\"175\" align=\"right\" border=\"0\" \/>Inclus dans le kit est un nettoyeur d&rsquo;\u00e9trier haute performance, peinture et durcisseur, une bo\u00eete de m\u00e9lange, b\u00e2tonnet, pinceau d&rsquo;application, instructions d&rsquo;installation et un autocollant de couleur.<\/p>\n<p>L&rsquo;ensemble de syst\u00e8me de peinture \u00e0 \u00e9trier de frein haute temp\u00e9rature G2 contient environ 3 1\/2 oz liquide. de peinture et environ 1\/2 once liquide. du r\u00e9acteur, donnant 4 oz liquide. total lorsque m\u00e9lang\u00e9, qui couvrira quatre (4) \u00e9triers de frein standard ou deux (2) tambours de frein. Toutefois, si vous avez des \u00e9triers surdimensionn\u00e9s \u00e0 l&rsquo;avant de votre v\u00e9hicule et \/ ou si vous envisagez de peindre vos supports, chapeaux de rotor, etc., vous aurez probablement besoin de deux kits.<\/p>\n","protected":false},"excerpt":{"rendered":"<p>Cet ensemble de peinture \u00e0 \u00e9trier BRAKE haut de gamme de G2 est le kit le plus complet et le plus facile \u00e0 utiliser. Le kit comprend tout ce dont vous avez besoin pour peindre 4 \u00e9triers de frein de taille standard ou 2 tambours. G2 a sp\u00e9cialement engag\u00e9 des ing\u00e9nieurs chimistes pour la recherche et le d\u00e9veloppement de notre syst\u00e8me de peinture en deux parties qui offre la plus grande r\u00e9sistance \u00e0 la chaleur sur le march\u00e9 de la bricolage (jusqu&rsquo;\u00e0 980 degr\u00e9s).<br \/>\n<img loading=\"lazy\" decoding=\"async\" class=\"\" src=\"http:\/\/tirestickers.ca\/wp-content\/uploads\/2018\/05\/ppguarantee1.png\" alt=\"G2 Brake Caliper Paint offers a 100% Product Performance Guarantee! If our paint ever chips, cracks or peels we will replace it with no questions asked at no cost whatsoever to you!\" width=\"245\" height=\"181\" \/> <a class=\"more-link\" href=\"https:\/\/tirestickers.ca\/fr\/product\/the-g2\/\">Continue Reading<span class=\"screen-reader-text\">Ensemble de syst\u00e8me de peinture \u00e0 \u00e9trier de frein G2<\/span><span class=\"meta-nav\">\u2192<\/span><\/a><\/p>\n","protected":false},"featured_media":6306,"template":"","meta":[],"product_brand":[],"product_cat":[33],"product_tag":[],"class_list":{"0":"post-6391","1":"product","2":"type-product","3":"status-publish","4":"has-post-thumbnail","6":"product_cat-non-classe","8":"first","9":"instock","10":"taxable","11":"shipping-taxable","12":"purchasable","13":"product-type-variable"},"_links":{"self":[{"href":"https:\/\/tirestickers.ca\/fr\/wp-json\/wp\/v2\/product\/6391","targetHints":{"allow":["GET"]}}],"collection":[{"href":"https:\/\/tirestickers.ca\/fr\/wp-json\/wp\/v2\/product"}],"about":[{"href":"https:\/\/tirestickers.ca\/fr\/wp-json\/wp\/v2\/types\/product"}],"wp:featuredmedia":[{"embeddable":true,"href":"https:\/\/tirestickers.ca\/fr\/wp-json\/wp\/v2\/media\/6306"}],"wp:attachment":[{"href":"https:\/\/tirestickers.ca\/fr\/wp-json\/wp\/v2\/media?parent=6391"}],"wp:term":[{"taxonomy":"product_brand","embeddable":true,"href":"https:\/\/tirestickers.ca\/fr\/wp-json\/wp\/v2\/product_brand?post=6391"},{"taxonomy":"product_cat","embeddable":true,"href":"https:\/\/tirestickers.ca\/fr\/wp-json\/wp\/v2\/product_cat?post=6391"},{"taxonomy":"product_tag","embeddable":true,"href":"https:\/\/tirestickers.ca\/fr\/wp-json\/wp\/v2\/product_tag?post=6391"}],"curies":[{"name":"wp","href":"https:\/\/api.w.org\/{rel}","templated":true}]}}