{"id":8433,"date":"2018-06-27T21:39:49","date_gmt":"2018-06-27T21:39:49","guid":{"rendered":"http:\/\/tirestickers.ca\/?post_type=product&#038;p=8433"},"modified":"2018-06-28T01:34:01","modified_gmt":"2018-06-28T01:34:01","slug":"graphiques-pour-pneus-kit-de-replique-de-lignes-de-formule-1","status":"publish","type":"product","link":"https:\/\/tirestickers.ca\/fr\/product\/graphiques-pour-pneus-kit-de-replique-de-lignes-de-formule-1\/","title":{"rendered":"Graphiques pour pneus &#8211; kit de r\u00e9plique de lignes de formule 1"},"content":{"rendered":"<p><strong>les graphiques faits sur commande sont maintenant disponibles!\u00a0<\/strong><br \/>\nDonnez un look personnalis\u00e9 \u00e0 votre auto ou moto gr\u00e2ce \u00e0 ces graphiques inspir\u00e9s de la Formule 1. La mesure du diam\u00e8tre int\u00e9rieur est n\u00e9cessaire pour s&rsquo;assurer que les bandes sont parfaitement incurv\u00e9es sur le pneu de votre v\u00e9hicule. La longueur des lignes sera ajust\u00e9e en fonction de la longueur du texte personnalis\u00e9 que vous entrez.<\/p>\n<p><span style=\"color: #ff9900;\"><strong>Chaque kit F1 comprendraY<\/strong><\/span><br \/>\n&#8211; 4 d\u00e9calcomanies pour le haut<br \/>\n&#8211; 4 d\u00e9calcomanies pour le bas<br \/>\n&#8211; 8 rayures (2 rayures par pneu). <\/p>\n<p>Agencez diff\u00e9rentes phrases, couleurs et polices d&rsquo;\u00e9criture pour cr\u00e9er la conception de lettrage ultime.<\/p>\n","protected":false},"excerpt":{"rendered":"<p>les graphiques faits sur commande sont maintenant disponibles!\u00a0 Donnez un look personnalis\u00e9 \u00e0 votre auto ou moto gr\u00e2ce \u00e0 ces graphiques inspir\u00e9s de la Formule 1. La mesure du diam\u00e8tre <a class=\"more-link\" href=\"https:\/\/tirestickers.ca\/fr\/product\/graphiques-pour-pneus-kit-de-replique-de-lignes-de-formule-1\/\">Continue Reading<span class=\"screen-reader-text\">Graphiques pour pneus &#8211; kit de r\u00e9plique de lignes de formule 1<\/span><span class=\"meta-nav\">\u2192<\/span><\/a><\/p>\n","protected":false},"featured_media":8448,"template":"","meta":[],"product_brand":[],"product_cat":[23],"product_tag":[],"class_list":{"0":"post-8433","1":"product","2":"type-product","3":"status-publish","4":"has-post-thumbnail","6":"product_cat-uncategorized-fr","8":"first","9":"instock","10":"sale","11":"taxable","12":"shipping-taxable","13":"purchasable","14":"product-type-variable"},"_links":{"self":[{"href":"https:\/\/tirestickers.ca\/fr\/wp-json\/wp\/v2\/product\/8433","targetHints":{"allow":["GET"]}}],"collection":[{"href":"https:\/\/tirestickers.ca\/fr\/wp-json\/wp\/v2\/product"}],"about":[{"href":"https:\/\/tirestickers.ca\/fr\/wp-json\/wp\/v2\/types\/product"}],"wp:featuredmedia":[{"embeddable":true,"href":"https:\/\/tirestickers.ca\/fr\/wp-json\/wp\/v2\/media\/8448"}],"wp:attachment":[{"href":"https:\/\/tirestickers.ca\/fr\/wp-json\/wp\/v2\/media?parent=8433"}],"wp:term":[{"taxonomy":"product_brand","embeddable":true,"href":"https:\/\/tirestickers.ca\/fr\/wp-json\/wp\/v2\/product_brand?post=8433"},{"taxonomy":"product_cat","embeddable":true,"href":"https:\/\/tirestickers.ca\/fr\/wp-json\/wp\/v2\/product_cat?post=8433"},{"taxonomy":"product_tag","embeddable":true,"href":"https:\/\/tirestickers.ca\/fr\/wp-json\/wp\/v2\/product_tag?post=8433"}],"curies":[{"name":"wp","href":"https:\/\/api.w.org\/{rel}","templated":true}]}}